{"id":12,"date":"2020-11-21T19:20:53","date_gmt":"2020-11-21T19:20:53","guid":{"rendered":"https:\/\/canoe.moxiworks.com\/paul-kieraszewicz\/free-home-valuation"},"modified":"2020-11-21T19:20:53","modified_gmt":"2020-11-21T19:20:53","slug":"free-home-valuation","status":"publish","type":"page","link":"https:\/\/paul-kieraszewicz.c21.ca\/fr-ca\/free-home-valuation","title":{"rendered":"\u00c9VALUATION GRATUITE"},"content":{"rendered":"\r\n<h1>\r\n\t\t\u00c9VALUATION GRATUITE\r\n\t<\/h1>\r\n<h2>\r\n\t\tD\u00c9COUVREZ LA VALEUR DE VOTRE PROPRI\u00c9T\u00c9.\r\n\t<\/h2>\r\n\t<p>Informez-vous sur le march\u00e9 immobilier local. Que vous songiez \u00e0 d\u00e9m\u00e9nager ou souhaitiez simplement vous tenir au courant des tendances immobili\u00e8res dans votre secteur, c&#8217;est toujours une bonne id\u00e9e de faire \u00e9valuer votre propri\u00e9t\u00e9. Cet outil gratuit permet d&#8217;estimer la valeur marchande de votre propri\u00e9t\u00e9<\/p>\r\n\r\n","protected":false},"excerpt":{"rendered":"<p>\u00c9VALUATION GRATUITE D\u00c9COUVREZ LA VALEUR DE VOTRE PROPRI\u00c9T\u00c9. Informez-vous sur le march\u00e9 immobilier local. Que vous songiez \u00e0 d\u00e9m\u00e9nager ou souhaitiez simplement vous tenir au courant des tendances immobili\u00e8res dans votre secteur, c&#8217;est toujours une bonne id\u00e9e de faire \u00e9valuer votre propri\u00e9t\u00e9. Cet outil gratuit permet d&#8217;estimer la valeur marchande de votre propri\u00e9t\u00e9<\/p>\n","protected":false},"author":2,"featured_media":2146,"parent":0,"menu_order":0,"comment_status":"closed","ping_status":"closed","template":"","meta":{"footnotes":""},"class_list":["post-12","page","type-page","status-publish","has-post-thumbnail","hentry"],"_links":{"self":[{"href":"https:\/\/paul-kieraszewicz.c21.ca\/fr-ca\/wp-json\/wp\/v2\/pages\/12","targetHints":{"allow":["GET"]}}],"collection":[{"href":"https:\/\/paul-kieraszewicz.c21.ca\/fr-ca\/wp-json\/wp\/v2\/pages"}],"about":[{"href":"https:\/\/paul-kieraszewicz.c21.ca\/fr-ca\/wp-json\/wp\/v2\/types\/page"}],"author":[{"embeddable":true,"href":"https:\/\/paul-kieraszewicz.c21.ca\/fr-ca\/wp-json\/wp\/v2\/users\/2"}],"replies":[{"embeddable":true,"href":"https:\/\/paul-kieraszewicz.c21.ca\/fr-ca\/wp-json\/wp\/v2\/comments?post=12"}],"version-history":[{"count":0,"href":"https:\/\/paul-kieraszewicz.c21.ca\/fr-ca\/wp-json\/wp\/v2\/pages\/12\/revisions"}],"wp:featuredmedia":[{"embeddable":true,"href":"https:\/\/paul-kieraszewicz.c21.ca\/fr-ca\/wp-json\/"}],"wp:attachment":[{"href":"https:\/\/paul-kieraszewicz.c21.ca\/fr-ca\/wp-json\/wp\/v2\/media?parent=12"}],"curies":[{"name":"wp","href":"https:\/\/api.w.org\/{rel}","templated":true}]}}